{"id":60826,"date":"2025-01-15T19:01:22","date_gmt":"2025-01-15T18:01:22","guid":{"rendered":"https:\/\/frolleinflow.com\/?post_type=product&#038;p=60826"},"modified":"2025-10-30T16:08:33","modified_gmt":"2025-10-30T15:08:33","slug":"flow-book-004-flow-is-in-the-air","status":"publish","type":"product","link":"https:\/\/frolleinflow.com\/en\/produkt\/flow-book-004-flow-is-in-the-air\/","title":{"rendered":"Flow Book | 004: Flow is in the air"},"content":{"rendered":"<p>\u201eTr\u00e4ume dir dein Leben sch\u00f6n und mach aus diesen Tr\u00e4umen eine Realit\u00e4t.\u201c So meinte einst die Physikerin und Nobelpreistr\u00e4gerin Marie Curie.<\/p>\n<p>Wir w\u00fcrden hinzuf\u00fcgen:<br \/>\nNotiere sie, bevor dich der Alltag \u00fcberrollt hat.<br \/>\nAm besten in einem pers\u00f6nlichen Notizbuch.<\/p>\n<p>Wir haben uns eines angepasst f\u00fcr unsere Bedarfe. Ihr d\u00fcrft zum Selbstkostenpreis daran teilhaben.<\/p>\n<p>Es handelt sich um ein gr\u00f6\u00dftenteils leeres Buch mit Punktlinien und Seitenzahlen. Und ein paar wenigen Schmankerl von uns.<\/p>\n<p><strong>Neu in 2025: Mit einem kurzen KI-Quiz!<\/strong><\/p>\n<p>Die eigentlichen Inhalte m\u00fcsst ihr selbst reinschreiben! Viel Spa\u00df!<\/p>\n<p>Und: <span class=\"a-text-italic\">Keep flowing &#8230;<\/span><\/p>\n<hr \/>\n<p class=\"a-expander-content a-expander-partial-collapse-content a-expander-content-expanded\" aria-expanded=\"true\"><strong>SPECIAL HIER<\/strong><\/p>\n<p aria-expanded=\"true\">\ud83d\udc49\ud83c\udffc Hier mit pers\u00f6nlicher Signatur \u270d\ufe0f<\/p>\n<p aria-expanded=\"true\">Und du kannst dir das Buch in Deutschland kostenlos liefern lassen! Gern geschehen \ud83d\ude0e<\/p>\n<hr \/>\n<p aria-expanded=\"true\">\ud83d\udc49\ud83c\udffc\u00a0<a href=\"https:\/\/www.amazon.de\/dp\/B0DSPVBMJC\">Oder auf Amazon direkt bestellen&#8230;<\/a><\/p>\n","protected":false},"excerpt":{"rendered":"<p>Ein pers\u00f6nliches Notizbuch aus Berlin.<\/p>\n","protected":false},"featured_media":78022,"template":"","meta":{"_coblocks_attr":"","_coblocks_dimensions":"","_coblocks_responsive_height":"","_coblocks_accordion_ie_support":"","_crdt_document":"","site-sidebar-layout":"default","site-content-layout":"","ast-site-content-layout":"default","site-content-style":"default","site-sidebar-style":"default","ast-global-header-display":"","ast-banner-title-visibility":"","ast-main-header-display":"","ast-hfb-above-header-display":"","ast-hfb-below-header-display":"","ast-hfb-mobile-header-display":"","site-post-title":"","ast-breadcrumbs-content":"","ast-featured-img":"","footer-sml-layout":"","ast-disable-related-posts":"","theme-transparent-header-meta":"","adv-header-id-meta":"","stick-header-meta":"","header-above-stick-meta":"","header-main-stick-meta":"","header-below-stick-meta":"","astra-migrate-meta-layouts":"default","ast-page-background-enabled":"default","ast-page-background-meta":{"desktop":{"background-color":"var(--ast-global-color-4)","background-image":"","background-repeat":"repeat","background-position":"center center","background-size":"auto","background-attachment":"scroll","background-type":"","background-media":"","overlay-type":"","overlay-color":"","overlay-opacity":"","overlay-gradient":""},"tablet":{"background-color":"","background-image":"","background-repeat":"repeat","background-position":"center center","background-size":"auto","background-attachment":"scroll","background-type":"","background-media":"","overlay-type":"","overlay-color":"","overlay-opacity":"","overlay-gradient":""},"mobile":{"background-color":"","background-image":"","background-repeat":"repeat","background-position":"center center","background-size":"auto","background-attachment":"scroll","background-type":"","background-media":"","overlay-type":"","overlay-color":"","overlay-opacity":"","overlay-gradient":""}},"ast-content-background-meta":{"desktop":{"background-color":"var(--ast-global-color-5)","background-image":"","background-repeat":"repeat","background-position":"center center","background-size":"auto","background-attachment":"scroll","background-type":"","background-media":"","overlay-type":"","overlay-color":"","overlay-opacity":"","overlay-gradient":""},"tablet":{"background-color":"var(--ast-global-color-5)","background-image":"","background-repeat":"repeat","background-position":"center center","background-size":"auto","background-attachment":"scroll","background-type":"","background-media":"","overlay-type":"","overlay-color":"","overlay-opacity":"","overlay-gradient":""},"mobile":{"background-color":"var(--ast-global-color-5)","background-image":"","background-repeat":"repeat","background-position":"center center","background-size":"auto","background-attachment":"scroll","background-type":"","background-media":"","overlay-type":"","overlay-color":"","overlay-opacity":"","overlay-gradient":""}},"advanced_seo_description":"","jetpack_seo_html_title":"","jetpack_seo_noindex":false},"product_brand":[],"product_cat":[710163196],"product_tag":[710163198,710163197,710163200,710163199],"class_list":{"0":"post-60826","1":"product","2":"type-product","3":"status-publish","4":"has-post-thumbnail","6":"product_cat-buecher","7":"product_tag-buch","8":"product_tag-flow","9":"product_tag-journal","10":"product_tag-notizen","11":"desktop-align-left","12":"tablet-align-left","13":"mobile-align-left","15":"first","16":"instock","17":"taxable","18":"shipping-taxable","19":"purchasable","20":"product-type-simple"},"jetpack_sharing_enabled":true,"_links":{"self":[{"href":"https:\/\/frolleinflow.com\/en\/wp-json\/wp\/v2\/product\/60826","targetHints":{"allow":["GET"]}}],"collection":[{"href":"https:\/\/frolleinflow.com\/en\/wp-json\/wp\/v2\/product"}],"about":[{"href":"https:\/\/frolleinflow.com\/en\/wp-json\/wp\/v2\/types\/product"}],"version-history":[{"count":0,"href":"https:\/\/frolleinflow.com\/en\/wp-json\/wp\/v2\/product\/60826\/revisions"}],"wp:featuredmedia":[{"embeddable":true,"href":"https:\/\/frolleinflow.com\/en\/wp-json\/wp\/v2\/media\/78022"}],"wp:attachment":[{"href":"https:\/\/frolleinflow.com\/en\/wp-json\/wp\/v2\/media?parent=60826"}],"wp:term":[{"taxonomy":"product_brand","embeddable":true,"href":"https:\/\/frolleinflow.com\/en\/wp-json\/wp\/v2\/product_brand?post=60826"},{"taxonomy":"product_cat","embeddable":true,"href":"https:\/\/frolleinflow.com\/en\/wp-json\/wp\/v2\/product_cat?post=60826"},{"taxonomy":"product_tag","embeddable":true,"href":"https:\/\/frolleinflow.com\/en\/wp-json\/wp\/v2\/product_tag?post=60826"}],"curies":[{"name":"wp","href":"https:\/\/api.w.org\/{rel}","templated":true}]}}