{"id":40612,"date":"2022-11-06T10:34:25","date_gmt":"2022-11-06T09:34:25","guid":{"rendered":"https:\/\/frolleinflow.com\/digital-intelligence-dq\/"},"modified":"2023-06-15T14:00:55","modified_gmt":"2023-06-15T13:00:55","slug":"digital-intelligence-dq","status":"publish","type":"page","link":"https:\/\/frolleinflow.com\/en\/digital-intelligence-dq\/","title":{"rendered":"Digital Intelligence (DQ)"},"content":{"rendered":"\n<h1 class=\"wp-block-heading\">WHAT IS IT ABOUT?<\/h1>\n\n<p class=\"wp-block-paragraph\">Based on globally available digital competence frameworks, we have created a catalog of requirements for what people of different age groups would need to fundamentally master today in order to be able to actively participate in the developments of the 21st century.<\/p>\n\n<p class=\"wp-block-paragraph\">To be able to make their contribution to the required digital intelligence in the overall population.<\/p>\n\n<figure class=\"wp-block-image\"><img data-recalc-dims=\"1\" height=\"269\" width=\"768\" decoding=\"async\" src=\"https:\/\/i0.wp.com\/frolleinflow.com\/wp-content\/uploads\/2022\/04\/Take-Action-2217783801-1650202578541.png?resize=768%2C269&#038;ssl=1\" alt=\"\"\/><\/figure>\n<h2 class=\"wp-block-heading\">What does a digital intelligence quotient (DQ) mean?<br\/><a data-elementor-open-lightbox=\"yes\" data-elementor-lightbox-title=\"32\" data-e-action-hash=\"#elementor-action%3Aaction%3Dlightbox%26settings%3DeyJpZCI6MzQ2ODksInVybCI6Imh0dHBzOlwvXC9mcm9sbGVpbmZsb3cuY29tXC93cC1jb250ZW50XC91cGxvYWRzXC8yMDIyXC8wNFwvMzIuanBnIn0%3D\" href=\"https:\/\/i0.wp.com\/frolleinflow.com\/wp-content\/uploads\/2022\/04\/32.jpg?ssl=1\"><br\/><img data-recalc-dims=\"1\" fetchpriority=\"high\" decoding=\"async\" sizes=\"(max-width: 800px) 100vw, 800px\" srcset=\"https:\/\/i0.wp.com\/frolleinflow.com\/wp-content\/uploads\/2022\/04\/32.jpg?resize=1024%2C576&amp;ssl=1 1024w, https:\/\/i0.wp.com\/frolleinflow.com\/wp-content\/uploads\/2022\/04\/32.jpg?resize=300%2C169&amp;ssl=1 300w, https:\/\/i0.wp.com\/frolleinflow.com\/wp-content\/uploads\/2022\/04\/32.jpg?resize=150%2C84&amp;ssl=1 150w, https:\/\/i0.wp.com\/frolleinflow.com\/wp-content\/uploads\/2022\/04\/32.jpg?resize=768%2C432&amp;ssl=1 768w, https:\/\/i0.wp.com\/frolleinflow.com\/wp-content\/uploads\/2022\/04\/32.jpg?resize=1536%2C864&amp;ssl=1 1536w, https:\/\/i0.wp.com\/frolleinflow.com\/wp-content\/uploads\/2022\/04\/32.jpg?resize=1200%2C675&amp;ssl=1 1200w, https:\/\/i0.wp.com\/frolleinflow.com\/wp-content\/uploads\/2022\/04\/32.jpg?resize=700%2C394&amp;ssl=1 700w, https:\/\/i0.wp.com\/frolleinflow.com\/wp-content\/uploads\/2022\/04\/32.jpg?resize=711%2C400&amp;ssl=1 711w, https:\/\/i0.wp.com\/frolleinflow.com\/wp-content\/uploads\/2022\/04\/32.jpg?resize=894%2C503&amp;ssl=1 894w, https:\/\/i0.wp.com\/frolleinflow.com\/wp-content\/uploads\/2022\/04\/32.jpg?w=1920&amp;ssl=1 1920w, https:\/\/i0.wp.com\/frolleinflow.com\/wp-content\/uploads\/2022\/04\/32.jpg?w=1600&amp;ssl=1 1600w\" width=\"800\" height=\"450\" src=\"https:\/\/i0.wp.com\/frolleinflow.com\/wp-content\/uploads\/2022\/04\/32.jpg?resize=800%2C450&#038;ssl=1\" alt=\"DQ formula\"\/><\/a><br\/>Why a DQ is helpful?<\/h2>\n\n<figure class=\"wp-block-embed is-type-video is-provider-youtube wp-block-embed-youtube wp-embed-aspect-16-9 wp-has-aspect-ratio\"><div class=\"wp-block-embed__wrapper\">\n<span class=\"embed-youtube\" style=\"text-align:center; display: block;\"><iframe class=\"youtube-player\" width=\"640\" height=\"360\" src=\"https:\/\/www.youtube.com\/embed\/p4ykOPpNEXI?version=3&#038;rel=1&#038;showsearch=0&#038;showinfo=1&#038;iv_load_policy=1&#038;fs=1&#038;hl=en-US&#038;autohide=2&#038;wmode=transparent\" allowfullscreen=\"true\" style=\"border:0;\" sandbox=\"allow-scripts allow-same-origin allow-popups allow-presentation allow-popups-to-escape-sandbox\"><\/iframe><\/span>\n<\/div><\/figure>\n\n<h2 class=\"wp-block-heading\">Our individual CATALOG OF REQUIREMENTS<\/h2>\n\n<p class=\"wp-block-paragraph\">Here you can check your own contribution to the digital intelligence of our society! Without tests, exams and certificates, but completely anonymous, each:r for themselves, simply about their own self-reflection.<\/p>\n\n<p class=\"wp-block-paragraph\">The catalog includes 4 modules that soon any:r can go through.<\/p>\n<!-- ld-course-grid gutenberg block begin --><div class=\"learndash-block-inner learndash-wrapper\">\t\t<div class=\"learndash-course-grid-temp-css\" style=\"display: none;\">\n\t\t\t\t#ld-cg-lisk0vxupv .grid{grid-template-columns:repeat(2,minmax(0,1fr));}\t#ld-cg-lisk0vxupv .grid &gt; .item .content .entry-title,\t#ld-cg-lisk0vxupv .grid &gt; .item .content .entry-title *{font-size:24px;}\t#ld-cg-lisk0vxupv .grid &gt; .item .content .entry-title{}\t#ld-cg-lisk0vxupv .grid &gt; .item .content .entry-title *{}\t#ld-cg-lisk0vxupv .grid &gt; .item .content .entry-content{}\t#ld-cg-lisk0vxupv .grid &gt; .item .content .entry-content *{}\t#ld-cg-lisk0vxupv .grid &gt; .item .ribbon{}\t#ld-cg-lisk0vxupv .grid &gt; .item .ribbon,\t#ld-cg-lisk0vxupv .grid &gt; .item .ribbon *{}\t#ld-cg-lisk0vxupv .grid &gt; .item .icon{}\t#ld-cg-lisk0vxupv .grid &gt; .item .icon,\t#ld-cg-lisk0vxupv .grid &gt; .item .icon *{}\t#ld-cg-lisk0vxupv .grid &gt; .item .button,\t#ld-cg-lisk0vxupv .grid &gt; .item .button *{}\t#ld-cg-lisk0vxupv .grid &gt; .item .button,\t#ld-cg-lisk0vxupv .grid &gt; .item .button *{}\t\t<\/div>\n\t\t<div id=\"ld-cg-lisk0vxupv\" class=\"learndash-course-grid \" data-page=\"1\"  data-post_type=\"sfwd-courses\" data-per_page=\"4\" data-orderby=\"ID\" data-order=\"DESC\" data-taxonomies=\"ld_course_tag:dq\" data-enrollment_status=\"\" data-progress_status=\"\" data-group_id=\"0\" data-thumbnail=\"\" data-thumbnail_size=\"course-thumbnail\" data-ribbon=\"1\" data-video=\"\" data-content=\"1\" data-title=\"1\" data-title_clickable=\"\" data-description=\"1\" data-description_char_max=\"120\" data-button=\"1\" data-filter=\"\" data-pagination=\"false\" data-grid_height_equal=\"\" data-progress_bar=\"\" data-post_meta=\"\" data-skin=\"grid\" data-card=\"grid-1\" data-columns=\"2\" data-min_column_width=\"250\" data-items_per_row=\"5\" data-font_family_title=\"\" data-font_family_description=\"\" data-font_size_title=\"24px\" data-font_size_description=\"\" data-font_color_title=\"\" data-font_color_description=\"\" data-background_color_title=\"\" data-background_color_description=\"\" data-background_color_ribbon=\"\" data-font_color_ribbon=\"\" data-background_color_icon=\"\" data-font_color_icon=\"\" data-background_color_button=\"\" data-font_color_button=\"\" data-class_name=\"\" data-id=\"ld-cg-lisk0vxupv\" data-filter_search=\"1\" data-filter_taxonomies=\"category, post_tag\" data-filter_price=\"1\" data-filter_price_min=\"0\" data-filter_price_max=\"1000\"><div class=\"items-wrapper grid\">\n\t<\/div>\n<\/div><\/div><!-- ld-course-grid gutenberg block end -->\n<p class=\"wp-block-coblocks-highlight\"><mark class=\"wp-block-coblocks-highlight__content\">The next, updated run will be released here again in the fall of 2023.<\/mark><\/p>\n<!-- ld-course-grid gutenberg block begin --><div class=\"learndash-block-inner learndash-wrapper\">\t\t<div class=\"learndash-course-grid-temp-css\" style=\"display: none;\">\n\t\t\t\t#ld-cg-lisjrnkd2z .grid{grid-template-columns:repeat(2,minmax(0,1fr));}\t#ld-cg-lisjrnkd2z .grid &gt; .item .content .entry-title,\t#ld-cg-lisjrnkd2z .grid &gt; .item .content .entry-title *{}\t#ld-cg-lisjrnkd2z .grid &gt; .item .content .entry-title{}\t#ld-cg-lisjrnkd2z .grid &gt; .item .content .entry-title *{}\t#ld-cg-lisjrnkd2z .grid &gt; .item .content .entry-content{}\t#ld-cg-lisjrnkd2z .grid &gt; .item .content .entry-content *{}\t#ld-cg-lisjrnkd2z .grid &gt; .item .ribbon{}\t#ld-cg-lisjrnkd2z .grid &gt; .item .ribbon,\t#ld-cg-lisjrnkd2z .grid &gt; .item .ribbon *{}\t#ld-cg-lisjrnkd2z .grid &gt; .item .icon{}\t#ld-cg-lisjrnkd2z .grid &gt; .item .icon,\t#ld-cg-lisjrnkd2z .grid &gt; .item .icon *{}\t#ld-cg-lisjrnkd2z .grid &gt; .item .button,\t#ld-cg-lisjrnkd2z .grid &gt; .item .button *{}\t#ld-cg-lisjrnkd2z .grid &gt; .item .button,\t#ld-cg-lisjrnkd2z .grid &gt; .item .button *{}\t\t<\/div>\n\t\t<div id=\"ld-cg-lisjrnkd2z\" class=\"learndash-course-grid \" data-page=\"1\"  data-post_type=\"sfwd-courses\" data-per_page=\"4\" data-orderby=\"ID\" data-order=\"DESC\" data-taxonomies=\"category:Digitale Kompetenz (DQ);\" data-enrollment_status=\"\" data-progress_status=\"\" data-group_id=\"0\" data-thumbnail=\"1\" data-thumbnail_size=\"course-thumbnail\" data-ribbon=\"\" data-video=\"\" data-content=\"1\" data-title=\"1\" data-title_clickable=\"\" data-description=\"1\" data-description_char_max=\"120\" data-button=\"1\" data-filter=\"\" data-pagination=\"false\" data-grid_height_equal=\"\" data-progress_bar=\"\" data-post_meta=\"\" data-skin=\"grid\" data-card=\"grid-1\" data-columns=\"2\" data-min_column_width=\"250\" data-items_per_row=\"5\" data-font_family_title=\"\" data-font_family_description=\"\" data-font_size_title=\"\" data-font_size_description=\"\" data-font_color_title=\"\" data-font_color_description=\"\" data-background_color_title=\"\" data-background_color_description=\"\" data-background_color_ribbon=\"\" data-font_color_ribbon=\"\" data-background_color_icon=\"\" data-font_color_icon=\"\" data-background_color_button=\"\" data-font_color_button=\"\" data-class_name=\"\" data-id=\"ld-cg-lisjrnkd2z\" data-filter_search=\"1\" data-filter_taxonomies=\"category, post_tag\" data-filter_price=\"1\" data-filter_price_min=\"0\" data-filter_price_max=\"1000\"><div class=\"items-wrapper grid\">\n\t<\/div>\n<\/div><\/div><!-- ld-course-grid gutenberg block end -->\n<blockquote class=\"wp-block-quote is-layout-flow wp-block-quote-is-layout-flow\">\n<p class=\"wp-block-paragraph\">&#8220;Most fun activities don&#8217;t come naturally. They require an effort that people don&#8217;t want to make at first. However, once the interaction provides feedback on the person&#8217;s abilities, it usually becomes rewarding on its own.&#8221;<\/p>\n<cite>Mih\u00e1ly Cs\u00edkszentmih\u00e1lyi<\/cite><\/blockquote>\n","protected":false},"excerpt":{"rendered":"<p>The current times demand a new approach from all of us. The crises are chasing each other &#8211; and we are all in the middle of them. How do we cope?<\/p>\n","protected":false},"author":16861460,"featured_media":42055,"parent":0,"menu_order":0,"comment_status":"closed","ping_status":"closed","template":"elementor_theme","meta":{"_coblocks_attr":"","_coblocks_dimensions":"","_coblocks_responsive_height":"","_coblocks_accordion_ie_support":"","_crdt_document":"","site-sidebar-layout":"default","site-content-layout":"","ast-site-content-layout":"default","site-content-style":"default","site-sidebar-style":"default","ast-global-header-display":"","ast-banner-title-visibility":"","ast-main-header-display":"","ast-hfb-above-header-display":"","ast-hfb-below-header-display":"","ast-hfb-mobile-header-display":"","site-post-title":"","ast-breadcrumbs-content":"","ast-featured-img":"","footer-sml-layout":"","ast-disable-related-posts":"","theme-transparent-header-meta":"","adv-header-id-meta":"","stick-header-meta":"","header-above-stick-meta":"","header-main-stick-meta":"","header-below-stick-meta":"","astra-migrate-meta-layouts":"default","ast-page-background-enabled":"default","ast-page-background-meta":{"desktop":{"background-color":"var(--ast-global-color-4)","background-image":"","background-repeat":"repeat","background-position":"center center","background-size":"auto","background-attachment":"scroll","background-type":"","background-media":"","overlay-type":"","overlay-color":"","overlay-opacity":"","overlay-gradient":""},"tablet":{"background-color":"","background-image":"","background-repeat":"repeat","background-position":"center center","background-size":"auto","background-attachment":"scroll","background-type":"","background-media":"","overlay-type":"","overlay-color":"","overlay-opacity":"","overlay-gradient":""},"mobile":{"background-color":"","background-image":"","background-repeat":"repeat","background-position":"center center","background-size":"auto","background-attachment":"scroll","background-type":"","background-media":"","overlay-type":"","overlay-color":"","overlay-opacity":"","overlay-gradient":""}},"ast-content-background-meta":{"desktop":{"background-color":"var(--ast-global-color-5)","background-image":"","background-repeat":"repeat","background-position":"center center","background-size":"auto","background-attachment":"scroll","background-type":"","background-media":"","overlay-type":"","overlay-color":"","overlay-opacity":"","overlay-gradient":""},"tablet":{"background-color":"var(--ast-global-color-5)","background-image":"","background-repeat":"repeat","background-position":"center center","background-size":"auto","background-attachment":"scroll","background-type":"","background-media":"","overlay-type":"","overlay-color":"","overlay-opacity":"","overlay-gradient":""},"mobile":{"background-color":"var(--ast-global-color-5)","background-image":"","background-repeat":"repeat","background-position":"center center","background-size":"auto","background-attachment":"scroll","background-type":"","background-media":"","overlay-type":"","overlay-color":"","overlay-opacity":"","overlay-gradient":""}},"advanced_seo_description":"","jetpack_seo_html_title":"","jetpack_seo_noindex":false,"footnotes":""},"tags":[],"class_list":["post-40612","page","type-page","status-publish","has-post-thumbnail","hentry"],"jetpack_sharing_enabled":true,"jetpack_shortlink":"https:\/\/wp.me\/P16bLP-az2","_links":{"self":[{"href":"https:\/\/frolleinflow.com\/en\/wp-json\/wp\/v2\/pages\/40612","targetHints":{"allow":["GET"]}}],"collection":[{"href":"https:\/\/frolleinflow.com\/en\/wp-json\/wp\/v2\/pages"}],"about":[{"href":"https:\/\/frolleinflow.com\/en\/wp-json\/wp\/v2\/types\/page"}],"author":[{"embeddable":true,"href":"https:\/\/frolleinflow.com\/en\/wp-json\/wp\/v2\/users\/16861460"}],"replies":[{"embeddable":true,"href":"https:\/\/frolleinflow.com\/en\/wp-json\/wp\/v2\/comments?post=40612"}],"version-history":[{"count":0,"href":"https:\/\/frolleinflow.com\/en\/wp-json\/wp\/v2\/pages\/40612\/revisions"}],"wp:featuredmedia":[{"embeddable":true,"href":"https:\/\/frolleinflow.com\/en\/wp-json\/wp\/v2\/media\/42055"}],"wp:attachment":[{"href":"https:\/\/frolleinflow.com\/en\/wp-json\/wp\/v2\/media?parent=40612"}],"wp:term":[{"taxonomy":"post_tag","embeddable":true,"href":"https:\/\/frolleinflow.com\/en\/wp-json\/wp\/v2\/tags?post=40612"}],"curies":[{"name":"wp","href":"https:\/\/api.w.org\/{rel}","templated":true}]}}